{"id":8213,"date":"2025-04-09T03:16:00","date_gmt":"2025-04-09T03:16:00","guid":{"rendered":"https:\/\/novo.pontanegraazores.com\/blog\/"},"modified":"2025-12-08T20:51:56","modified_gmt":"2025-12-08T20:51:56","slug":"blog","status":"publish","type":"page","link":"https:\/\/pontanegraazores.com\/en\/blog\/","title":{"rendered":"Blog"},"content":{"rendered":"\t\t<div data-elementor-type=\"wp-page\" data-elementor-id=\"8213\" class=\"elementor elementor-8213 elementor-3356\" data-elementor-post-type=\"page\">\n\t\t\t\t<div class=\"elementor-element elementor-element-8cf7674 e-con-full e-flex e-con e-parent\" data-id=\"8cf7674\" data-element_type=\"container\" data-e-type=\"container\" data-settings=\"{&quot;background_background&quot;:&quot;classic&quot;}\">\n\t\t<div class=\"elementor-element elementor-element-307655e e-flex e-con-boxed e-con e-child\" data-id=\"307655e\" data-element_type=\"container\" data-e-type=\"container\">\n\t\t\t\t\t<div class=\"e-con-inner\">\n\t\t<div class=\"elementor-element elementor-element-ed4ffca e-con-full e-flex e-con e-child\" data-id=\"ed4ffca\" data-element_type=\"container\" data-e-type=\"container\">\n\t\t\t\t<\/div>\n\t\t\t\t\t<\/div>\n\t\t\t\t<\/div>\n\t\t\t\t<div class=\"elementor-element elementor-element-57f13d8 elementor-widget elementor-widget-spacer\" data-id=\"57f13d8\" data-element_type=\"widget\" data-e-type=\"widget\" data-widget_type=\"spacer.default\">\n\t\t\t\t\t\t\t<div class=\"elementor-spacer\">\n\t\t\t<div class=\"elementor-spacer-inner\"><\/div>\n\t\t<\/div>\n\t\t\t\t\t\t<\/div>\n\t\t\t\t<\/div>\n\t\t<div class=\"elementor-element elementor-element-57fbeb1 e-flex e-con-boxed e-con e-parent\" data-id=\"57fbeb1\" data-element_type=\"container\" data-e-type=\"container\">\n\t\t\t\t\t<div class=\"e-con-inner\">\n\t\t\t\t<div class=\"elementor-element elementor-element-ae5edf7 elementor-widget elementor-widget-spaciaz-post-grid\" data-id=\"ae5edf7\" data-element_type=\"widget\" data-e-type=\"widget\" data-widget_type=\"spaciaz-post-grid.default\">\n\t\t\t\t<div class=\"elementor-widget-container\">\n\t\t\t\t\t        <div class=\"elementor-post-wrapper elementor-post-list\">\n            <div class=\"d-grid\">\n                                                        <div class=\"grid-item\">\n                            <article id=\"post-8880\" class=\"article-default post-8880 post type-post status-publish format-standard has-post-thumbnail hentry category-tips\">\n    <div class=\"post-inner blog-list\">\n        <div class=\"post-content\">\n                            <div class=\"post-left\">\n                    <div class=\"post-thumbnail\"><img fetchpriority=\"high\" decoding=\"async\" width=\"900\" height=\"623\" src=\"https:\/\/pontanegraazores.com\/wp-content\/uploads\/2025\/03\/ilhei-cabras-1024x709.webp\" class=\"attachment-large size-large wp-post-image\" alt=\"\" srcset=\"https:\/\/pontanegraazores.com\/wp-content\/uploads\/2025\/03\/ilhei-cabras-1024x709.webp 1024w, https:\/\/pontanegraazores.com\/wp-content\/uploads\/2025\/03\/ilhei-cabras-300x208.webp 300w, https:\/\/pontanegraazores.com\/wp-content\/uploads\/2025\/03\/ilhei-cabras-768x531.webp 768w, https:\/\/pontanegraazores.com\/wp-content\/uploads\/2025\/03\/ilhei-cabras.webp 1500w\" sizes=\"(max-width: 900px) 100vw, 900px\" \/><\/div>                <\/div>\n                        <div class=\"post-right\">\n                <div class=\"entry-meta\">\n                    <div class=\"entry-meta-inner\">\n                         <div class=\"categories-link\"><span class=\"screen-reader-text\">Categories<\/span><a href=\"https:\/\/pontanegraazores.com\/en\/blog\/categoria\/tips\/\" rel=\"category tag\">Tips<\/a><\/div> <div class=\"posted-on\"><a href=\"https:\/\/pontanegraazores.com\/en\/frequently-asked-questions-about-terceira-island\/\" rel=\"bookmark\"><time class=\"entry-date published\" datetime=\"2025-03-18T08:29:47+00:00\">March 18, 2025<\/time><time class=\"updated\" datetime=\"2025-12-08T20:55:45+00:00\">December 8, 2025<\/time><\/a><\/div>                     <\/div>\n                <\/div>\n                <h3 class=\"delta entry-title\"><a href=\"https:\/\/pontanegraazores.com\/en\/frequently-asked-questions-about-terceira-island\/\" rel=\"bookmark\">Frequently Asked Questions About Terceira Island<\/a><\/h3>                <div class=\"entry-excerpt\"><p>Everything you need to know about Terceira Island, Azores&#8230;<\/p>\n<\/div>\n                <div class=\"more-link-wrap\">\n                    <a class=\"more-link\" href=\"https:\/\/pontanegraazores.com\/en\/frequently-asked-questions-about-terceira-island\/\">Continue Reading<\/a>                <\/div>\n            <\/div>\n        <\/div>\n    <\/div>\n<\/article><!-- #post-## -->                        <\/div>\n                                                    <\/div>\n                                        <\/div>\n        \t\t\t\t<\/div>\n\t\t\t\t<\/div>\n\t\t\t\t\t<\/div>\n\t\t\t\t<\/div>\n\t\t<div class=\"elementor-element elementor-element-079f4c5 e-flex e-con-boxed e-con e-parent\" data-id=\"079f4c5\" data-element_type=\"container\" data-e-type=\"container\">\n\t\t\t\t\t<div class=\"e-con-inner\">\n\t\t\t\t<div class=\"elementor-element elementor-element-4cecf79 elementor-widget elementor-widget-heading\" data-id=\"4cecf79\" data-element_type=\"widget\" data-e-type=\"widget\" data-widget_type=\"heading.default\">\n\t\t\t\t\t<h2 class=\"elementor-heading-title elementor-size-default\">Blog<\/h2>\t\t\t\t<\/div>\n\t\t\t\t<div class=\"elementor-element elementor-element-e38ca75 elementor-widget elementor-widget-spaciaz-post-filter\" data-id=\"e38ca75\" data-element_type=\"widget\" data-e-type=\"widget\" data-widget_type=\"spaciaz-post-filter.default\">\n\t\t\t\t<div class=\"elementor-widget-container\">\n\t\t\t\t\t        <div class=\"navigation-post-filter\">\n                        <a class=\"\" href=\"https:\/\/pontanegraazores.com\/en\/\">All Posts<\/a>\n                            <a class=\"\" href=\"https:\/\/pontanegraazores.com\/en\/blog\/categoria\/cuisine\/\">Cuisine<\/a>\n                                <a class=\"\" href=\"https:\/\/pontanegraazores.com\/en\/blog\/categoria\/see-do\/\">See &amp; Do<\/a>\n                                <a class=\"\" href=\"https:\/\/pontanegraazores.com\/en\/blog\/categoria\/tips\/\">Tips<\/a>\n                        <\/div>\n        \t\t\t\t<\/div>\n\t\t\t\t<\/div>\n\t\t\t\t<div class=\"elementor-element elementor-element-2557fae elementor-widget elementor-widget-spaciaz-post-grid\" data-id=\"2557fae\" data-element_type=\"widget\" data-e-type=\"widget\" data-widget_type=\"spaciaz-post-grid.default\">\n\t\t\t\t<div class=\"elementor-widget-container\">\n\t\t\t\t\t        <div class=\"elementor-post-wrapper elementor-post-style-1\">\n            <div class=\"d-grid\">\n                                                        <div class=\"grid-item\">\n                            <div class=\"post-inner blog-grid\">\n    <div class=\"post-thumbnail\"><img fetchpriority=\"high\" decoding=\"async\" width=\"900\" height=\"623\" src=\"https:\/\/pontanegraazores.com\/wp-content\/uploads\/2025\/03\/ilhei-cabras-1024x709.webp\" class=\"attachment-large size-large wp-post-image\" alt=\"\" srcset=\"https:\/\/pontanegraazores.com\/wp-content\/uploads\/2025\/03\/ilhei-cabras-1024x709.webp 1024w, https:\/\/pontanegraazores.com\/wp-content\/uploads\/2025\/03\/ilhei-cabras-300x208.webp 300w, https:\/\/pontanegraazores.com\/wp-content\/uploads\/2025\/03\/ilhei-cabras-768x531.webp 768w, https:\/\/pontanegraazores.com\/wp-content\/uploads\/2025\/03\/ilhei-cabras.webp 1500w\" sizes=\"(max-width: 900px) 100vw, 900px\" \/><\/div>    <div class=\"post-content\">\n        <div class=\"entry-meta\">\n            <div class=\"entry-meta-inner\">\n                 <div class=\"categories-link\"><span class=\"screen-reader-text\">Categories<\/span><a href=\"https:\/\/pontanegraazores.com\/en\/blog\/categoria\/tips\/\" rel=\"category tag\">Tips<\/a><\/div> <div class=\"posted-on\"><a href=\"https:\/\/pontanegraazores.com\/en\/frequently-asked-questions-about-terceira-island\/\" rel=\"bookmark\"><time class=\"entry-date published\" datetime=\"2025-03-18T08:29:47+00:00\">March 18, 2025<\/time><time class=\"updated\" datetime=\"2025-12-08T20:55:45+00:00\">December 8, 2025<\/time><\/a><\/div>             <\/div>\n        <\/div>\n        <h3 class=\"omega entry-title\"><a href=\"https:\/\/pontanegraazores.com\/en\/frequently-asked-questions-about-terceira-island\/\" rel=\"bookmark\">Frequently Asked Questions About Terceira Island<\/a><\/h3>    <\/div>\n<\/div>                        <\/div>\n                                                <div class=\"grid-item\">\n                            <div class=\"post-inner blog-grid\">\n    <div class=\"post-thumbnail\"><img decoding=\"async\" width=\"900\" height=\"623\" src=\"https:\/\/pontanegraazores.com\/wp-content\/uploads\/2025\/03\/algar-do-carvao-1024x709.webp\" class=\"attachment-large size-large wp-post-image\" alt=\"\" srcset=\"https:\/\/pontanegraazores.com\/wp-content\/uploads\/2025\/03\/algar-do-carvao-1024x709.webp 1024w, https:\/\/pontanegraazores.com\/wp-content\/uploads\/2025\/03\/algar-do-carvao-300x208.webp 300w, https:\/\/pontanegraazores.com\/wp-content\/uploads\/2025\/03\/algar-do-carvao-768x531.webp 768w, https:\/\/pontanegraazores.com\/wp-content\/uploads\/2025\/03\/algar-do-carvao.webp 1500w\" sizes=\"(max-width: 900px) 100vw, 900px\" \/><\/div>    <div class=\"post-content\">\n        <div class=\"entry-meta\">\n            <div class=\"entry-meta-inner\">\n                 <div class=\"categories-link\"><span class=\"screen-reader-text\">Categories<\/span><a href=\"https:\/\/pontanegraazores.com\/en\/blog\/categoria\/see-do\/\" rel=\"category tag\">See &amp; Do<\/a><\/div> <div class=\"posted-on\"><a href=\"https:\/\/pontanegraazores.com\/en\/discover-the-volcanoes-and-underground-caves-of-terceira-island\/\" rel=\"bookmark\"><time class=\"entry-date published\" datetime=\"2025-03-18T08:29:47+00:00\">March 18, 2025<\/time><time class=\"updated\" datetime=\"2025-12-08T21:00:52+00:00\">December 8, 2025<\/time><\/a><\/div>             <\/div>\n        <\/div>\n        <h3 class=\"omega entry-title\"><a href=\"https:\/\/pontanegraazores.com\/en\/discover-the-volcanoes-and-underground-caves-of-terceira-island\/\" rel=\"bookmark\">Discover the Volcanoes and Underground Caves of Terceira Island<\/a><\/h3>    <\/div>\n<\/div>                        <\/div>\n                                                <div class=\"grid-item\">\n                            <div class=\"post-inner blog-grid\">\n    <div class=\"post-thumbnail\"><img decoding=\"async\" width=\"900\" height=\"623\" src=\"https:\/\/pontanegraazores.com\/wp-content\/uploads\/2025\/03\/experiencias-terceira-1024x709.webp\" class=\"attachment-large size-large wp-post-image\" alt=\"\" srcset=\"https:\/\/pontanegraazores.com\/wp-content\/uploads\/2025\/03\/experiencias-terceira-1024x709.webp 1024w, https:\/\/pontanegraazores.com\/wp-content\/uploads\/2025\/03\/experiencias-terceira-300x208.webp 300w, https:\/\/pontanegraazores.com\/wp-content\/uploads\/2025\/03\/experiencias-terceira-768x531.webp 768w, https:\/\/pontanegraazores.com\/wp-content\/uploads\/2025\/03\/experiencias-terceira.webp 1500w\" sizes=\"(max-width: 900px) 100vw, 900px\" \/><\/div>    <div class=\"post-content\">\n        <div class=\"entry-meta\">\n            <div class=\"entry-meta-inner\">\n                 <div class=\"categories-link\"><span class=\"screen-reader-text\">Categories<\/span><a href=\"https:\/\/pontanegraazores.com\/en\/blog\/categoria\/cuisine\/\" rel=\"category tag\">Cuisine<\/a>, <a href=\"https:\/\/pontanegraazores.com\/en\/blog\/categoria\/see-do\/\" rel=\"category tag\">See &amp; Do<\/a><\/div> <div class=\"posted-on\"><a href=\"https:\/\/pontanegraazores.com\/en\/top-15-must-do-activities-on-terceira-island-azores\/\" rel=\"bookmark\"><time class=\"entry-date published\" datetime=\"2025-03-18T08:29:46+00:00\">March 18, 2025<\/time><time class=\"updated\" datetime=\"2025-12-08T21:01:12+00:00\">December 8, 2025<\/time><\/a><\/div>             <\/div>\n        <\/div>\n        <h3 class=\"omega entry-title\"><a href=\"https:\/\/pontanegraazores.com\/en\/top-15-must-do-activities-on-terceira-island-azores\/\" rel=\"bookmark\">Top 15 Must-Do Activities on Terceira Island, Azores<\/a><\/h3>    <\/div>\n<\/div>                        <\/div>\n                                                    <\/div>\n                                        <\/div>\n        \t\t\t\t<\/div>\n\t\t\t\t<\/div>\n\t\t\t\t\t<\/div>\n\t\t\t\t<\/div>\n\t\t\t\t<\/div>\n\t\t","protected":false},"excerpt":{"rendered":"<p>CategoriesVer &amp; Fazer Mar\u00e7o 18, 2025Novembro 24, 2025 Conhe\u00e7a os Vulc\u00f5es e Grutas Subterr\u00e2neas da Ilha Terceira A origem vulc\u00e2nica dos A\u00e7ores \u00e9 evidente nos seus 1766 vulc\u00f5es, dos quais nove ainda permanecem tranquilamente ativos&#8230; Continuar a Ler Blog Todos Dicas Gastronomia Ver &amp; Fazer CategoriesVer &amp; Fazer Mar\u00e7o 18, 2025Novembro 24, 2025 Conhe\u00e7a os [&hellip;]<\/p>\n","protected":false},"author":1,"featured_media":0,"parent":0,"menu_order":0,"comment_status":"closed","ping_status":"closed","template":"template-homepage.php","meta":{"_acf_changed":false,"footnotes":""},"class_list":["post-8213","page","type-page","status-publish","hentry"],"acf":[],"yoast_head":"<!-- This site is optimized with the Yoast SEO plugin v27.0 - https:\/\/yoast.com\/product\/yoast-seo-wordpress\/ -->\n<title>Blog - Ponta Negra Azores: Alojamentos<\/title>\n<meta name=\"robots\" content=\"index, follow, max-snippet:-1, max-image-preview:large, max-video-preview:-1\" \/>\n<link rel=\"canonical\" href=\"https:\/\/pontanegraazores.com\/en\/blog\/\" \/>\n<meta property=\"og:locale\" content=\"en_US\" \/>\n<meta property=\"og:type\" content=\"article\" \/>\n<meta property=\"og:title\" content=\"Blog - Ponta Negra Azores: Alojamentos\" \/>\n<meta property=\"og:description\" content=\"CategoriesVer &amp; Fazer Mar\u00e7o 18, 2025Novembro 24, 2025 Conhe\u00e7a os Vulc\u00f5es e Grutas Subterr\u00e2neas da Ilha Terceira A origem vulc\u00e2nica dos A\u00e7ores \u00e9 evidente nos seus 1766 vulc\u00f5es, dos quais nove ainda permanecem tranquilamente ativos&#8230; Continuar a Ler Blog Todos Dicas Gastronomia Ver &amp; Fazer CategoriesVer &amp; Fazer Mar\u00e7o 18, 2025Novembro 24, 2025 Conhe\u00e7a os [&hellip;]\" \/>\n<meta property=\"og:url\" content=\"https:\/\/pontanegraazores.com\/en\/blog\/\" \/>\n<meta property=\"og:site_name\" content=\"Ponta Negra Azores: Alojamentos\" \/>\n<meta property=\"article:modified_time\" content=\"2025-12-08T20:51:56+00:00\" \/>\n<meta property=\"og:image\" content=\"https:\/\/novo.pontanegraazores.com\/wp-content\/uploads\/2025\/03\/algar-do-carvao-1024x709.webp\" \/>\n<meta name=\"twitter:card\" content=\"summary_large_image\" \/>\n<script type=\"application\/ld+json\" class=\"yoast-schema-graph\">{\"@context\":\"https:\/\/schema.org\",\"@graph\":[{\"@type\":\"WebPage\",\"@id\":\"https:\/\/pontanegraazores.com\/en\/blog\/\",\"url\":\"https:\/\/pontanegraazores.com\/en\/blog\/\",\"name\":\"Blog - Ponta Negra Azores: Alojamentos\",\"isPartOf\":{\"@id\":\"https:\/\/pontanegraazores.com\/#website\"},\"primaryImageOfPage\":{\"@id\":\"https:\/\/pontanegraazores.com\/en\/blog\/#primaryimage\"},\"image\":{\"@id\":\"https:\/\/pontanegraazores.com\/en\/blog\/#primaryimage\"},\"thumbnailUrl\":\"https:\/\/novo.pontanegraazores.com\/wp-content\/uploads\/2025\/03\/algar-do-carvao-1024x709.webp\",\"datePublished\":\"2025-04-09T03:16:00+00:00\",\"dateModified\":\"2025-12-08T20:51:56+00:00\",\"breadcrumb\":{\"@id\":\"https:\/\/pontanegraazores.com\/en\/blog\/#breadcrumb\"},\"inLanguage\":\"en-US\",\"potentialAction\":[{\"@type\":\"ReadAction\",\"target\":[\"https:\/\/pontanegraazores.com\/en\/blog\/\"]}]},{\"@type\":\"ImageObject\",\"inLanguage\":\"en-US\",\"@id\":\"https:\/\/pontanegraazores.com\/en\/blog\/#primaryimage\",\"url\":\"https:\/\/novo.pontanegraazores.com\/wp-content\/uploads\/2025\/03\/algar-do-carvao-1024x709.webp\",\"contentUrl\":\"https:\/\/novo.pontanegraazores.com\/wp-content\/uploads\/2025\/03\/algar-do-carvao-1024x709.webp\"},{\"@type\":\"BreadcrumbList\",\"@id\":\"https:\/\/pontanegraazores.com\/en\/blog\/#breadcrumb\",\"itemListElement\":[{\"@type\":\"ListItem\",\"position\":1,\"name\":\"In\u00edcio\",\"item\":\"https:\/\/pontanegraazores.com\/\"},{\"@type\":\"ListItem\",\"position\":2,\"name\":\"Blog\"}]},{\"@type\":\"WebSite\",\"@id\":\"https:\/\/pontanegraazores.com\/#website\",\"url\":\"https:\/\/pontanegraazores.com\/\",\"name\":\"Ponta Negra Azores: Alojamentos\",\"description\":\"Descubra uma estadia inesquec\u00edvel na Terceira, A\u00e7ores, com vista para o mar e conforto premium. Reserve agora na Ponta Negra Azores!\",\"publisher\":{\"@id\":\"https:\/\/pontanegraazores.com\/#organization\"},\"potentialAction\":[{\"@type\":\"SearchAction\",\"target\":{\"@type\":\"EntryPoint\",\"urlTemplate\":\"https:\/\/pontanegraazores.com\/?s={search_term_string}\"},\"query-input\":{\"@type\":\"PropertyValueSpecification\",\"valueRequired\":true,\"valueName\":\"search_term_string\"}}],\"inLanguage\":\"en-US\"},{\"@type\":\"Organization\",\"@id\":\"https:\/\/pontanegraazores.com\/#organization\",\"name\":\"Ponta Negra Azores: Alojamentos\",\"url\":\"https:\/\/pontanegraazores.com\/\",\"logo\":{\"@type\":\"ImageObject\",\"inLanguage\":\"en-US\",\"@id\":\"https:\/\/pontanegraazores.com\/#\/schema\/logo\/image\/\",\"url\":\"https:\/\/pontanegraazores.com\/wp-content\/uploads\/2025\/10\/logo-ponta-negra.svg\",\"contentUrl\":\"https:\/\/pontanegraazores.com\/wp-content\/uploads\/2025\/10\/logo-ponta-negra.svg\",\"width\":128,\"height\":52,\"caption\":\"Ponta Negra Azores: Alojamentos\"},\"image\":{\"@id\":\"https:\/\/pontanegraazores.com\/#\/schema\/logo\/image\/\"}}]}<\/script>\n<!-- \/ Yoast SEO plugin. -->","yoast_head_json":{"title":"Blog - Ponta Negra Azores: Alojamentos","robots":{"index":"index","follow":"follow","max-snippet":"max-snippet:-1","max-image-preview":"max-image-preview:large","max-video-preview":"max-video-preview:-1"},"canonical":"https:\/\/pontanegraazores.com\/en\/blog\/","og_locale":"en_US","og_type":"article","og_title":"Blog - Ponta Negra Azores: Alojamentos","og_description":"CategoriesVer &amp; Fazer Mar\u00e7o 18, 2025Novembro 24, 2025 Conhe\u00e7a os Vulc\u00f5es e Grutas Subterr\u00e2neas da Ilha Terceira A origem vulc\u00e2nica dos A\u00e7ores \u00e9 evidente nos seus 1766 vulc\u00f5es, dos quais nove ainda permanecem tranquilamente ativos&#8230; Continuar a Ler Blog Todos Dicas Gastronomia Ver &amp; Fazer CategoriesVer &amp; Fazer Mar\u00e7o 18, 2025Novembro 24, 2025 Conhe\u00e7a os [&hellip;]","og_url":"https:\/\/pontanegraazores.com\/en\/blog\/","og_site_name":"Ponta Negra Azores: Alojamentos","article_modified_time":"2025-12-08T20:51:56+00:00","og_image":[{"url":"https:\/\/novo.pontanegraazores.com\/wp-content\/uploads\/2025\/03\/algar-do-carvao-1024x709.webp","type":"","width":"","height":""}],"twitter_card":"summary_large_image","schema":{"@context":"https:\/\/schema.org","@graph":[{"@type":"WebPage","@id":"https:\/\/pontanegraazores.com\/en\/blog\/","url":"https:\/\/pontanegraazores.com\/en\/blog\/","name":"Blog - Ponta Negra Azores: Alojamentos","isPartOf":{"@id":"https:\/\/pontanegraazores.com\/#website"},"primaryImageOfPage":{"@id":"https:\/\/pontanegraazores.com\/en\/blog\/#primaryimage"},"image":{"@id":"https:\/\/pontanegraazores.com\/en\/blog\/#primaryimage"},"thumbnailUrl":"https:\/\/novo.pontanegraazores.com\/wp-content\/uploads\/2025\/03\/algar-do-carvao-1024x709.webp","datePublished":"2025-04-09T03:16:00+00:00","dateModified":"2025-12-08T20:51:56+00:00","breadcrumb":{"@id":"https:\/\/pontanegraazores.com\/en\/blog\/#breadcrumb"},"inLanguage":"en-US","potentialAction":[{"@type":"ReadAction","target":["https:\/\/pontanegraazores.com\/en\/blog\/"]}]},{"@type":"ImageObject","inLanguage":"en-US","@id":"https:\/\/pontanegraazores.com\/en\/blog\/#primaryimage","url":"https:\/\/novo.pontanegraazores.com\/wp-content\/uploads\/2025\/03\/algar-do-carvao-1024x709.webp","contentUrl":"https:\/\/novo.pontanegraazores.com\/wp-content\/uploads\/2025\/03\/algar-do-carvao-1024x709.webp"},{"@type":"BreadcrumbList","@id":"https:\/\/pontanegraazores.com\/en\/blog\/#breadcrumb","itemListElement":[{"@type":"ListItem","position":1,"name":"In\u00edcio","item":"https:\/\/pontanegraazores.com\/"},{"@type":"ListItem","position":2,"name":"Blog"}]},{"@type":"WebSite","@id":"https:\/\/pontanegraazores.com\/#website","url":"https:\/\/pontanegraazores.com\/","name":"Ponta Negra Azores: Alojamentos","description":"Descubra uma estadia inesquec\u00edvel na Terceira, A\u00e7ores, com vista para o mar e conforto premium. Reserve agora na Ponta Negra Azores!","publisher":{"@id":"https:\/\/pontanegraazores.com\/#organization"},"potentialAction":[{"@type":"SearchAction","target":{"@type":"EntryPoint","urlTemplate":"https:\/\/pontanegraazores.com\/?s={search_term_string}"},"query-input":{"@type":"PropertyValueSpecification","valueRequired":true,"valueName":"search_term_string"}}],"inLanguage":"en-US"},{"@type":"Organization","@id":"https:\/\/pontanegraazores.com\/#organization","name":"Ponta Negra Azores: Alojamentos","url":"https:\/\/pontanegraazores.com\/","logo":{"@type":"ImageObject","inLanguage":"en-US","@id":"https:\/\/pontanegraazores.com\/#\/schema\/logo\/image\/","url":"https:\/\/pontanegraazores.com\/wp-content\/uploads\/2025\/10\/logo-ponta-negra.svg","contentUrl":"https:\/\/pontanegraazores.com\/wp-content\/uploads\/2025\/10\/logo-ponta-negra.svg","width":128,"height":52,"caption":"Ponta Negra Azores: Alojamentos"},"image":{"@id":"https:\/\/pontanegraazores.com\/#\/schema\/logo\/image\/"}}]}},"_links":{"self":[{"href":"https:\/\/pontanegraazores.com\/en\/wp-json\/wp\/v2\/pages\/8213","targetHints":{"allow":["GET"]}}],"collection":[{"href":"https:\/\/pontanegraazores.com\/en\/wp-json\/wp\/v2\/pages"}],"about":[{"href":"https:\/\/pontanegraazores.com\/en\/wp-json\/wp\/v2\/types\/page"}],"author":[{"embeddable":true,"href":"https:\/\/pontanegraazores.com\/en\/wp-json\/wp\/v2\/users\/1"}],"replies":[{"embeddable":true,"href":"https:\/\/pontanegraazores.com\/en\/wp-json\/wp\/v2\/comments?post=8213"}],"version-history":[{"count":3,"href":"https:\/\/pontanegraazores.com\/en\/wp-json\/wp\/v2\/pages\/8213\/revisions"}],"predecessor-version":[{"id":8889,"href":"https:\/\/pontanegraazores.com\/en\/wp-json\/wp\/v2\/pages\/8213\/revisions\/8889"}],"wp:attachment":[{"href":"https:\/\/pontanegraazores.com\/en\/wp-json\/wp\/v2\/media?parent=8213"}],"curies":[{"name":"wp","href":"https:\/\/api.w.org\/{rel}","templated":true}]}}